{"id":4978,"date":"2021-03-31T00:01:35","date_gmt":"2021-03-30T22:01:35","guid":{"rendered":"http:\/\/v1-targi.brno.pl\/index.php\/klauzula-informacyjna-2\/"},"modified":"2021-04-15T09:05:40","modified_gmt":"2021-04-15T07:05:40","slug":"polityka-prywatnosci","status":"publish","type":"page","link":"https:\/\/v1-targi.brno.pl\/index.php\/polityka-prywatnosci\/","title":{"rendered":"Polityka prywatno\u015bci"},"content":{"rendered":"[vc_row][vc_column width=&#8221;1\/6&#8243;][\/vc_column][vc_column width=&#8221;2\/3&#8243;][vc_column_text]\r\n<h3 style=\"text-align: left;\"><strong><span style=\"color: #ffbb00;\">Polityka prywatno\u015bci <\/span><\/strong><\/h3>\r\n<h4 style=\"text-align: left;\"><span style=\"color: #ffbb00;\">Polityka cookie oraz ochrona danych osobowych Klient\u00f3w korzystaj\u0105cych z serwisu <a href=\"http:\/\/v1-targi.brno.pl\/\">www.v1-targi.brno.pl<\/a><\/span><\/h4>\r\nPodstawa prawna:\r\n<ol>\r\n \t<li>Rozporz\u0105dzenie Parlamentu Europejskiego i Rady 2016\/679 z dnia 27 kwietnia 2016 r. w sprawie ochrony os\u00f3b fizycznych w zwi\u0105zku z przetwarzaniem danych osobowych i w sprawie swobodnego przep\u0142ywu takich danych oraz uchylenia dyrektywy 95\/46\/WE (og\u00f3lne rozporz\u0105dzenie o ochronie danych);<\/li>\r\n \t<li>Ustawa z dnia 18 lipca 2002 r. o \u015bwiadczeniu us\u0142ug drog\u0105 elektroniczn\u0105;<\/li>\r\n \t<li>Ustawa z dnia 16 lipca 2004 r. Prawo telekomunikacyjne.<\/li>\r\n<\/ol>\r\nW serwisie zostan\u0105 zamieszczone zewn\u0119trzne linki umo\u017cliwiaj\u0105ce Klientowi bezpo\u015brednie dotarcie do innych stron internetowych b\u0105d\u017a te\u017c podczas korzystania z serwisu w urz\u0105dzeniu Klienta mog\u0105 by\u0107 dodatkowo umieszczone pliki cookies pochodz\u0105ce od innych podmiot\u00f3w takich jak Twitter, Instagram, Facebook, YouTube, LinkedIn. Ka\u017cdy z dostawc\u00f3w okre\u015bla zasady korzystania z plik\u00f3w cookies w swojej polityce prywatno\u015bci, dlatego zaleca si\u0119 zapoznanie si\u0119 z tymi dokumentami.\r\n\r\n<strong>S\u0142ownik poj\u0119\u0107:<\/strong>\r\n<ul>\r\n \t<li><strong>cookie<\/strong>\u00a0\u2013 informacja zapisywana przez serwer na komputerze Klienta, kt\u00f3r\u0105 serwer mo\u017ce odczyta\u0107 przy ponownym po\u0142\u0105czeniu si\u0119 z tego komputera;<\/li>\r\n \t<li><strong>adres IP<\/strong>\u00a0\u2013 indywidualny numer, kt\u00f3ry posiada ka\u017cdy komputer pod\u0142\u0105czony do Internetu, mo\u017ce by\u0107 na sta\u0142e zwi\u0105zany z danym komputerem lub przydzielony mu na dane po\u0142\u0105czenie;<\/li>\r\n \t<li><strong>protok\u00f3\u0142 SSL<\/strong>\u00a0\u2013 standard przesy\u0142ania danych w Internecie, w kt\u00f3rym transmisja jest kodowana;<\/li>\r\n \t<li><strong>log systemowy<\/strong> \u2013 informacja, jak\u0105 przekazuje serwerowi komputer Klienta przy ka\u017cdym po\u0142\u0105czeniu, mo\u017ce zawiera\u0107 r\u00f3\u017cne dane, z kt\u00f3rych mo\u017cna ustali\u0107, sk\u0105d nast\u0105pi\u0142o po\u0142\u0105czenie.<\/li>\r\n<\/ul>\r\n<h4>Administratorem danych gromadzonych jest:<\/h4>\r\n<strong>Agencja Promocji Eksportu Jaros\u0142aw Krykwi\u0144ski<\/strong>\r\nadres e-mail: <a href=\"&#109;a&#x69;l&#x74;o&#x3a;a&#x67;&#101;&#x6e;&#99;&#x6a;&#97;&#x40;&#118;1&#45;t&#x61;r&#x67;i&#x2e;&#98;&#x72;&#110;&#x6f;&#46;&#x70;&#108;\"><strong>&#97;&#x67;e&#x6e;&#x63;&#106;&#x61;&#64;&#118;&#x31;&#45;&#x74;a&#114;&#x67;i&#x2e;b&#114;&#x6e;o&#x2e;&#x70;&#108;<\/strong><\/a>\r\nnumer telefonu: <strong>34 366 98 88<\/strong>\r\nadres korespondencyjny:\r\n<strong>al. Naj\u015bwi\u0119tszej Maryi Panny 24\/18<\/strong>\r\n<strong>42-200 Cz\u0119stochowa<\/strong>\r\n\r\nW zakresie korzystania z serwisu przechowane s\u0105 zapytania https kierowane do serwera. Przegl\u0105dane zasoby identyfikowane s\u0105 poprzez adresy URL i dotycz\u0105:\r\n<ul>\r\n \t<li>publicznego adresu IP urz\u0105dzenia ko\u0144cowego, z kt\u00f3rego nadesz\u0142o zapytanie;<\/li>\r\n \t<li>nazwy stacji Klienta \u2013 identyfikacja realizowana przez protok\u00f3\u0142 http, o ile jest mo\u017cliwa;<\/li>\r\n \t<li>nazwy Klienta podawanej w procesie autoryzacji;<\/li>\r\n \t<li>czasu nadej\u015bcia zapytania;<\/li>\r\n \t<li>pierwszego wiersza \u017c\u0105dania https;<\/li>\r\n \t<li>kodu odpowiedzi https;<\/li>\r\n \t<li>liczby wys\u0142anych przez serwer danych;<\/li>\r\n \t<li>adresu URL strony poprzednio odwiedzanej przez Klienta w przypadku, gdy przej\u015bcie do serwisu nast\u0105pi\u0142o przez zewn\u0119trzny odno\u015bnik;<\/li>\r\n \t<li>informacji o przegl\u0105darce Klienta;<\/li>\r\n \t<li>informacji o b\u0142\u0119dach, jakie nast\u0105pi\u0142y przy realizacji transakcji https.<\/li>\r\n<\/ul>\r\nPowy\u017cej wskazane dane nie s\u0105 kojarzone z konkretnymi osobami przegl\u0105daj\u0105cymi strony serwisu. Serwis nie zbiera w spos\u00f3b automatyczny \u017cadnych informacji z wyj\u0105tkiem informacji zawartych w plikach cookies. Gromadzone w ten spos\u00f3b informacje wykorzystywane s\u0105 m.in. do zarz\u0105dzania serwisem oraz stwierdzania ewentualnych zagro\u017ce\u0144 bezpiecze\u0144stwa;\r\n\r\nSerwis korzysta z plik\u00f3w cookies stanowi\u0105cych dane informatyczne, w szczeg\u00f3lno\u015bci pliki tekstowe, kt\u00f3re przechowywane s\u0105 w urz\u0105dzeniu ko\u0144cowym Klienta. Pliki Cookies zazwyczaj zawieraj\u0105 nazw\u0119 strony internetowej, z kt\u00f3rej pochodz\u0105, czas przechowywania ich na urz\u0105dzeniu ko\u0144cowym oraz unikalny numer.\r\n\r\nPliki cookies wykorzystywane s\u0105 w celu:\r\n<ul>\r\n \t<li>u\u0142atwienia Klientowi korzystania z serwisu podczas jego przegl\u0105dania;<\/li>\r\n \t<li>p\u00f3\u017aniejszego skojarzenia Klienta w przypadku ponownego po\u0142\u0105czenia serwisu z urz\u0105dzeniem, na kt\u00f3rym zosta\u0142y zapisane;<\/li>\r\n \t<li>tworzenia statystyk, kt\u00f3re pomagaj\u0105 zrozumie\u0107, w jaki spos\u00f3b Klienci serwisu korzystaj\u0105 ze stron internetowych, co umo\u017cliwia ulepszanie ich struktury i zawarto\u015bci;<\/li>\r\n \t<li>dostosowania zawarto\u015bci stron internetowych serwisu do okre\u015blonych preferencji Klienta oraz optymalizacji korzystania ze stron internetowych, dostosowanych do indywidualnych potrzeb Klienta;<\/li>\r\n<\/ul>\r\nW ramach serwisu wykorzystywane s\u0105 nast\u0119puj\u0105ce rodzaje plik\u00f3w cookies:\r\n<ul>\r\n \t<li><strong>sesyjne<\/strong>\u00a0\u2013 przechowywane s\u0105 w urz\u0105dzeniu ko\u0144cowym Klienta do czasu wylogowania, opuszczenia strony internetowej lub wy\u0142\u0105czenia przegl\u0105darki internetowej;<\/li>\r\n \t<li><strong>sta\u0142e<\/strong>\u00a0\u2013 przechowywane w urz\u0105dzeniu ko\u0144cowym Klienta przez czas okre\u015blony w parametrach plik\u00f3w cookies lub do czasu ich usuni\u0119cia przez Klienta;<\/li>\r\n \t<li><strong>wydajno\u015bciowe<\/strong>\u00a0\u2013 umo\u017cliwiaj\u0105 zbieranie informacji o sposobie korzystania ze stron internetowych serwisu;<\/li>\r\n \t<li><strong>niezb\u0119dne<\/strong>\u00a0\u2013 umo\u017cliwiaj\u0105ce korzystanie z us\u0142ug dost\u0119pnych w ramach serwisu;<\/li>\r\n \t<li><strong>funkcjonalne<\/strong>\u00a0\u2013 umo\u017cliwiaj\u0105ce zapami\u0119tanie wybranych przez Klienta ustawie\u0144 i personalizacj\u0119 interfejsu;<\/li>\r\n \t<li><strong>w\u0142asne<\/strong>\u00a0\u2013 zamieszczane przez serwis;<\/li>\r\n \t<li><strong>zewn\u0119trzne<\/strong>\u00a0\u2013 pochodz\u0105ce z witryny zewn\u0119trznej ni\u017c serwis;<\/li>\r\n<\/ul>\r\nInformacje w \u017caden spos\u00f3b nie s\u0105 \u0142\u0105czone z danymi osobowymi Klienta i nie s\u0105 wykorzystywane do okre\u015blenia jego to\u017csamo\u015bci. Zakres informacji zbieranych automatycznie zale\u017cy od ustawie\u0144 przegl\u0105darki internetowej Klienta.\r\nKlienci mog\u0105 dokona\u0107 zmiany ustawie\u0144 w tym zakresie, jednak\u017ce wy\u0142\u0105czenie obs\u0142ugi plik\u00f3w cookies niezb\u0119dnych dla proces\u00f3w uwierzytelniania, bezpiecze\u0144stwa lub utrzymania preferencji Klienta mo\u017ce utrudni\u0107 korzystanie z serwisu. Szczeg\u00f3\u0142owe informacje na ten temat zawiera pomoc lub dokumentacja stosowanej przez Klienta przegl\u0105darki internetowej.\r\n\r\n[\/vc_column_text][\/vc_column][vc_column width=&#8221;1\/6&#8243;][\/vc_column][\/vc_row]<!-- \/wp:post-content -->","protected":false},"excerpt":{"rendered":"<p>[vc_row][vc_column width=&#8221;1\/6&#8243;][\/vc_column][vc_column width=&#8221;2\/3&#8243;][vc_column_text] Polityka prywatno\u015bci Polityka cookie oraz ochrona danych osobowych Klient\u00f3w korzystaj\u0105cych z serwisu www.v1-targi.brno.pl Podstawa prawna: Rozporz\u0105dzenie Parlamentu Europejskiego i Rady 2016\/679 z dnia 27 kwietnia 2016 r. w sprawie ochrony os\u00f3b fizycznych w zwi\u0105zku z przetwarzaniem danych&#8230;<\/p>\n","protected":false},"author":5,"featured_media":0,"parent":0,"menu_order":0,"comment_status":"closed","ping_status":"closed","template":"","meta":{"footnotes":""},"class_list":["post-4978","page","type-page","status-publish","hentry"],"yoast_head":"<!-- This site is optimized with the Yoast SEO Premium plugin v26.4 (Yoast SEO v27.4) - https:\/\/yoast.com\/product\/yoast-seo-premium-wordpress\/ -->\n<title>Polityka prywatno\u015bci &#187; Agencja Promocji Eksportu<\/title>\n<meta name=\"robots\" content=\"index, follow, max-snippet:-1, max-image-preview:large, max-video-preview:-1\" \/>\n<link rel=\"canonical\" href=\"https:\/\/v1-targi.brno.pl\/index.php\/polityka-prywatnosci\/\" \/>\n<meta property=\"og:locale\" content=\"pl_PL\" \/>\n<meta property=\"og:type\" content=\"article\" \/>\n<meta property=\"og:title\" content=\"Polityka prywatno\u015bci\" \/>\n<meta property=\"og:description\" content=\"[vc_row][vc_column width=&#8221;1\/6&#8243;][\/vc_column][vc_column width=&#8221;2\/3&#8243;][vc_column_text] Polityka prywatno\u015bci Polityka cookie oraz ochrona danych osobowych Klient\u00f3w korzystaj\u0105cych z serwisu www.v1-targi.brno.pl Podstawa prawna: Rozporz\u0105dzenie Parlamentu Europejskiego i Rady 2016\/679 z dnia 27 kwietnia 2016 r. w sprawie ochrony os\u00f3b fizycznych w zwi\u0105zku z przetwarzaniem danych...\" \/>\n<meta property=\"og:url\" content=\"https:\/\/v1-targi.brno.pl\/index.php\/polityka-prywatnosci\/\" \/>\n<meta property=\"og:site_name\" content=\"Agencja Promocji Eksportu\" \/>\n<meta property=\"article:publisher\" content=\"https:\/\/www.facebook.com\/TargiBrno\/\" \/>\n<meta property=\"article:modified_time\" content=\"2021-04-15T07:05:40+00:00\" \/>\n<meta name=\"twitter:card\" content=\"summary_large_image\" \/>\n<meta name=\"twitter:site\" content=\"@TargiBrno\" \/>\n<meta name=\"twitter:label1\" content=\"Szacowany czas czytania\" \/>\n\t<meta name=\"twitter:data1\" content=\"4 minuty\" \/>\n<script type=\"application\/ld+json\" class=\"yoast-schema-graph\">{\"@context\":\"https:\\\/\\\/schema.org\",\"@graph\":[{\"@type\":\"WebPage\",\"@id\":\"https:\\\/\\\/v1-targi.brno.pl\\\/index.php\\\/polityka-prywatnosci\\\/\",\"url\":\"https:\\\/\\\/v1-targi.brno.pl\\\/index.php\\\/polityka-prywatnosci\\\/\",\"name\":\"Polityka prywatno\u015bci &#187; Agencja Promocji Eksportu\",\"isPartOf\":{\"@id\":\"https:\\\/\\\/v1-targi.brno.pl\\\/#website\"},\"datePublished\":\"2021-03-30T22:01:35+00:00\",\"dateModified\":\"2021-04-15T07:05:40+00:00\",\"breadcrumb\":{\"@id\":\"https:\\\/\\\/v1-targi.brno.pl\\\/index.php\\\/polityka-prywatnosci\\\/#breadcrumb\"},\"inLanguage\":\"pl-PL\",\"potentialAction\":[{\"@type\":\"ReadAction\",\"target\":[\"https:\\\/\\\/v1-targi.brno.pl\\\/index.php\\\/polityka-prywatnosci\\\/\"]}]},{\"@type\":\"BreadcrumbList\",\"@id\":\"https:\\\/\\\/v1-targi.brno.pl\\\/index.php\\\/polityka-prywatnosci\\\/#breadcrumb\",\"itemListElement\":[{\"@type\":\"ListItem\",\"position\":1,\"name\":\"Strona g\u0142\u00f3wna\",\"item\":\"https:\\\/\\\/v1-targi.brno.pl\\\/\"},{\"@type\":\"ListItem\",\"position\":2,\"name\":\"Polityka prywatno\u015bci\"}]},{\"@type\":\"WebSite\",\"@id\":\"https:\\\/\\\/v1-targi.brno.pl\\\/#website\",\"url\":\"https:\\\/\\\/v1-targi.brno.pl\\\/\",\"name\":\"Agencja Promocji Eksportu\",\"description\":\"Prosta droga na rynek czeski\",\"alternateName\":\"Targi Brne\u0144skie Czechy\",\"potentialAction\":[{\"@type\":\"SearchAction\",\"target\":{\"@type\":\"EntryPoint\",\"urlTemplate\":\"https:\\\/\\\/v1-targi.brno.pl\\\/?s={search_term_string}\"},\"query-input\":{\"@type\":\"PropertyValueSpecification\",\"valueRequired\":true,\"valueName\":\"search_term_string\"}}],\"inLanguage\":\"pl-PL\"}]}<\/script>\n<!-- \/ Yoast SEO Premium plugin. -->","yoast_head_json":{"title":"Polityka prywatno\u015bci &#187; Agencja Promocji Eksportu","robots":{"index":"index","follow":"follow","max-snippet":"max-snippet:-1","max-image-preview":"max-image-preview:large","max-video-preview":"max-video-preview:-1"},"canonical":"https:\/\/v1-targi.brno.pl\/index.php\/polityka-prywatnosci\/","og_locale":"pl_PL","og_type":"article","og_title":"Polityka prywatno\u015bci","og_description":"[vc_row][vc_column width=&#8221;1\/6&#8243;][\/vc_column][vc_column width=&#8221;2\/3&#8243;][vc_column_text] Polityka prywatno\u015bci Polityka cookie oraz ochrona danych osobowych Klient\u00f3w korzystaj\u0105cych z serwisu www.v1-targi.brno.pl Podstawa prawna: Rozporz\u0105dzenie Parlamentu Europejskiego i Rady 2016\/679 z dnia 27 kwietnia 2016 r. w sprawie ochrony os\u00f3b fizycznych w zwi\u0105zku z przetwarzaniem danych...","og_url":"https:\/\/v1-targi.brno.pl\/index.php\/polityka-prywatnosci\/","og_site_name":"Agencja Promocji Eksportu","article_publisher":"https:\/\/www.facebook.com\/TargiBrno\/","article_modified_time":"2021-04-15T07:05:40+00:00","twitter_card":"summary_large_image","twitter_site":"@TargiBrno","twitter_misc":{"Szacowany czas czytania":"4 minuty"},"schema":{"@context":"https:\/\/schema.org","@graph":[{"@type":"WebPage","@id":"https:\/\/v1-targi.brno.pl\/index.php\/polityka-prywatnosci\/","url":"https:\/\/v1-targi.brno.pl\/index.php\/polityka-prywatnosci\/","name":"Polityka prywatno\u015bci &#187; Agencja Promocji Eksportu","isPartOf":{"@id":"https:\/\/v1-targi.brno.pl\/#website"},"datePublished":"2021-03-30T22:01:35+00:00","dateModified":"2021-04-15T07:05:40+00:00","breadcrumb":{"@id":"https:\/\/v1-targi.brno.pl\/index.php\/polityka-prywatnosci\/#breadcrumb"},"inLanguage":"pl-PL","potentialAction":[{"@type":"ReadAction","target":["https:\/\/v1-targi.brno.pl\/index.php\/polityka-prywatnosci\/"]}]},{"@type":"BreadcrumbList","@id":"https:\/\/v1-targi.brno.pl\/index.php\/polityka-prywatnosci\/#breadcrumb","itemListElement":[{"@type":"ListItem","position":1,"name":"Strona g\u0142\u00f3wna","item":"https:\/\/v1-targi.brno.pl\/"},{"@type":"ListItem","position":2,"name":"Polityka prywatno\u015bci"}]},{"@type":"WebSite","@id":"https:\/\/v1-targi.brno.pl\/#website","url":"https:\/\/v1-targi.brno.pl\/","name":"Agencja Promocji Eksportu","description":"Prosta droga na rynek czeski","alternateName":"Targi Brne\u0144skie Czechy","potentialAction":[{"@type":"SearchAction","target":{"@type":"EntryPoint","urlTemplate":"https:\/\/v1-targi.brno.pl\/?s={search_term_string}"},"query-input":{"@type":"PropertyValueSpecification","valueRequired":true,"valueName":"search_term_string"}}],"inLanguage":"pl-PL"}]}},"_links":{"self":[{"href":"https:\/\/v1-targi.brno.pl\/index.php\/wp-json\/wp\/v2\/pages\/4978","targetHints":{"allow":["GET"]}}],"collection":[{"href":"https:\/\/v1-targi.brno.pl\/index.php\/wp-json\/wp\/v2\/pages"}],"about":[{"href":"https:\/\/v1-targi.brno.pl\/index.php\/wp-json\/wp\/v2\/types\/page"}],"author":[{"embeddable":true,"href":"https:\/\/v1-targi.brno.pl\/index.php\/wp-json\/wp\/v2\/users\/5"}],"replies":[{"embeddable":true,"href":"https:\/\/v1-targi.brno.pl\/index.php\/wp-json\/wp\/v2\/comments?post=4978"}],"version-history":[{"count":7,"href":"https:\/\/v1-targi.brno.pl\/index.php\/wp-json\/wp\/v2\/pages\/4978\/revisions"}],"predecessor-version":[{"id":8415,"href":"https:\/\/v1-targi.brno.pl\/index.php\/wp-json\/wp\/v2\/pages\/4978\/revisions\/8415"}],"wp:attachment":[{"href":"https:\/\/v1-targi.brno.pl\/index.php\/wp-json\/wp\/v2\/media?parent=4978"}],"curies":[{"name":"wp","href":"https:\/\/api.w.org\/{rel}","templated":true}]}}