{"id":4968,"date":"2021-03-31T00:01:35","date_gmt":"2021-03-30T22:01:35","guid":{"rendered":"http:\/\/v1-targi.brno.pl\/index.php\/terms-and-conditions-2-2-2\/"},"modified":"2021-04-15T09:06:13","modified_gmt":"2021-04-15T07:06:13","slug":"klauzula-informacyjna","status":"publish","type":"page","link":"https:\/\/v1-targi.brno.pl\/index.php\/klauzula-informacyjna\/","title":{"rendered":"Klauzula informacyjna"},"content":{"rendered":"<p>[vc_row][vc_column width=&#8221;1\/6&#8243;][\/vc_column][vc_column width=&#8221;2\/3&#8243;][vc_column_text]<\/p>\n<h3 style=\"text-align: left;\"><strong><span style=\"color: #ffbb00;\">Klauzula informacyjna<\/span><\/strong><\/h3>\n<p>W zwi\u0105zku z wej\u015bciem w \u017cycie rozporz\u0105dzenia Parlamentu Europejskiego i Rady (UE) 2016\/679 z dnia 27 kwietnia 2016 r. w sprawie ochrony os\u00f3b fizycznych w zwi\u0105zku z przetwarzaniem danych osobowych i w sprawie swobodnego przep\u0142ywu takich danych oraz uchylenia dyrektywy 95\/46\/WE (Dz. Urz. UE L 119 z 04.05.2016 r., s. 1) \u2013 (dalej jako: RODO), na postawie art. 13 ww. rozporz\u0105dzenia informujemy:<\/p>\n<ol>\n<li>Administratorem danych osobowych jest\u00a0<strong>Agencja Promocji Eksportu Jaros\u0142aw Krykwi\u0144ski z siedzib\u0105 w Cz\u0119stochowie (42-200) przy al. Naj\u015bwi\u0119tszej Maryi Panny 24 lok. 18, o numerze NIP 5731021806 i REGON 150002327<\/strong>.<\/li>\n<li>Administrator dok\u0142ada wszelkich stara\u0144, aby zapewni\u0107 \u015brodki fizycznej, technicznej i organizacyjnej ochrony danych osobowych przed ich przypadkowym czy umy\u015blnym zniszczeniem, utrat\u0105, zmian\u0105, nieuprawnionym ujawnieniem, wykorzystaniem czy dost\u0119pem, zgodnie ze wszystkimi obowi\u0105zuj\u0105cymi przepisami.<\/li>\n<li>Dane osobowe b\u0119d\u0105 przetwarzane w jednym b\u0105d\u017a kilku poni\u017cszych celach:\n<ol>\n<li>realizacji us\u0142ug znajduj\u0105cych si\u0119 w ofercie handlowej Administratora danych;<\/li>\n<li>marketingowych, w szczeg\u00f3lno\u015bci celem przesy\u0142ania informacji handlowych oraz utrzymywania kontakt\u00f3w handlowych z kontrahentami w tym zakresie;<\/li>\n<li>spe\u0142nienia obowi\u0105zk\u00f3w fiskalnych i rachunkowych;<\/li>\n<li>ustalenia, dochodzenia i obrony w razie zaistnienia wzajemnych roszcze\u0144.<\/li>\n<\/ol>\n<\/li>\n<li>Odbiorcami danych osobowych w ramach um\u00f3w powierzenia s\u0105:\n<ol>\n<li>podwykonawcy Administratora, podmioty powi\u0105zane handlowo, kt\u00f3rych oferta uzupe\u0142nia ofert\u0119 Administratora;<\/li>\n<li>operatorzy system\u00f3w informatycznych, system\u00f3w SMS i e-mail;<\/li>\n<li>firmy kurierskie i poczta polska.<\/li>\n<\/ol>\n<\/li>\n<li>Dane osobowe b\u0119d\u0105 przechowywane przez okres niezb\u0119dny do realizacji cel\u00f3w okre\u015blonych w pkt 2, a po tym czasie przez okres oraz w zakresie wymaganym przez przepisy prawa.<\/li>\n<li>Przys\u0142uguje prawo do:\n<ol>\n<li>dost\u0119pu do danych osobowych,<\/li>\n<li>sprostowania danych,<\/li>\n<li>ograniczenia przetwarzania danych osobowych,<\/li>\n<li>przenoszenia danych osobowych,<\/li>\n<li>wniesienia sprzeciwu wobec przetwarzania danych,<\/li>\n<li>usuni\u0119cia danych,<\/li>\n<li>wniesienia skargi do organu nadzorczego, w razie stwierdzenia niezgodnego z prawem przetwarzania danych osobowych,<\/li>\n<li>cofni\u0119cia wyra\u017conej uprzednio zgody na przetwarzanie danych, co jednak pozostaje bez wp\u0142ywu na zgodno\u015b\u0107 z prawem przetwarzania, kt\u00f3rego dokonano przed jej wycofaniem.<\/li>\n<\/ol>\n<\/li>\n<li>Dane osobowe nie s\u0105 przetwarzane w spos\u00f3b zautomatyzowany (profilowanie).<\/li>\n<\/ol>\n<p>[\/vc_column_text][\/vc_column][vc_column width=&#8221;1\/6&#8243;][\/vc_column][\/vc_row]<\/p>\n","protected":false},"excerpt":{"rendered":"<p>[vc_row][vc_column width=&#8221;1\/6&#8243;][\/vc_column][vc_column width=&#8221;2\/3&#8243;][vc_column_text] Klauzula informacyjna W zwi\u0105zku z wej\u015bciem w \u017cycie rozporz\u0105dzenia Parlamentu Europejskiego i Rady (UE) 2016\/679 z dnia 27 kwietnia 2016 r. w sprawie ochrony os\u00f3b fizycznych w zwi\u0105zku z przetwarzaniem danych osobowych i w sprawie swobodnego przep\u0142ywu&#8230;<\/p>\n","protected":false},"author":5,"featured_media":0,"parent":0,"menu_order":0,"comment_status":"closed","ping_status":"closed","template":"","meta":{"footnotes":""},"class_list":["post-4968","page","type-page","status-publish","hentry"],"yoast_head":"<!-- This site is optimized with the Yoast SEO Premium plugin v26.4 (Yoast SEO v27.4) - https:\/\/yoast.com\/product\/yoast-seo-premium-wordpress\/ -->\n<title>Klauzula informacyjna &#187; Agencja Promocji Eksportu<\/title>\n<meta name=\"robots\" content=\"index, follow, max-snippet:-1, max-image-preview:large, max-video-preview:-1\" \/>\n<link rel=\"canonical\" href=\"https:\/\/v1-targi.brno.pl\/index.php\/klauzula-informacyjna\/\" \/>\n<meta property=\"og:locale\" content=\"pl_PL\" \/>\n<meta property=\"og:type\" content=\"article\" \/>\n<meta property=\"og:title\" content=\"Klauzula informacyjna\" \/>\n<meta property=\"og:description\" content=\"[vc_row][vc_column width=&#8221;1\/6&#8243;][\/vc_column][vc_column width=&#8221;2\/3&#8243;][vc_column_text] Klauzula informacyjna W zwi\u0105zku z wej\u015bciem w \u017cycie rozporz\u0105dzenia Parlamentu Europejskiego i Rady (UE) 2016\/679 z dnia 27 kwietnia 2016 r. w sprawie ochrony os\u00f3b fizycznych w zwi\u0105zku z przetwarzaniem danych osobowych i w sprawie swobodnego przep\u0142ywu...\" \/>\n<meta property=\"og:url\" content=\"https:\/\/v1-targi.brno.pl\/index.php\/klauzula-informacyjna\/\" \/>\n<meta property=\"og:site_name\" content=\"Agencja Promocji Eksportu\" \/>\n<meta property=\"article:publisher\" content=\"https:\/\/www.facebook.com\/TargiBrno\/\" \/>\n<meta property=\"article:modified_time\" content=\"2021-04-15T07:06:13+00:00\" \/>\n<meta name=\"twitter:card\" content=\"summary_large_image\" \/>\n<meta name=\"twitter:site\" content=\"@TargiBrno\" \/>\n<meta name=\"twitter:label1\" content=\"Szacowany czas czytania\" \/>\n\t<meta name=\"twitter:data1\" content=\"2 minuty\" \/>\n<script type=\"application\/ld+json\" class=\"yoast-schema-graph\">{\"@context\":\"https:\\\/\\\/schema.org\",\"@graph\":[{\"@type\":\"WebPage\",\"@id\":\"https:\\\/\\\/v1-targi.brno.pl\\\/index.php\\\/klauzula-informacyjna\\\/\",\"url\":\"https:\\\/\\\/v1-targi.brno.pl\\\/index.php\\\/klauzula-informacyjna\\\/\",\"name\":\"Klauzula informacyjna &#187; Agencja Promocji Eksportu\",\"isPartOf\":{\"@id\":\"https:\\\/\\\/v1-targi.brno.pl\\\/#website\"},\"datePublished\":\"2021-03-30T22:01:35+00:00\",\"dateModified\":\"2021-04-15T07:06:13+00:00\",\"breadcrumb\":{\"@id\":\"https:\\\/\\\/v1-targi.brno.pl\\\/index.php\\\/klauzula-informacyjna\\\/#breadcrumb\"},\"inLanguage\":\"pl-PL\",\"potentialAction\":[{\"@type\":\"ReadAction\",\"target\":[\"https:\\\/\\\/v1-targi.brno.pl\\\/index.php\\\/klauzula-informacyjna\\\/\"]}]},{\"@type\":\"BreadcrumbList\",\"@id\":\"https:\\\/\\\/v1-targi.brno.pl\\\/index.php\\\/klauzula-informacyjna\\\/#breadcrumb\",\"itemListElement\":[{\"@type\":\"ListItem\",\"position\":1,\"name\":\"Strona g\u0142\u00f3wna\",\"item\":\"https:\\\/\\\/v1-targi.brno.pl\\\/\"},{\"@type\":\"ListItem\",\"position\":2,\"name\":\"Klauzula informacyjna\"}]},{\"@type\":\"WebSite\",\"@id\":\"https:\\\/\\\/v1-targi.brno.pl\\\/#website\",\"url\":\"https:\\\/\\\/v1-targi.brno.pl\\\/\",\"name\":\"Agencja Promocji Eksportu\",\"description\":\"Prosta droga na rynek czeski\",\"alternateName\":\"Targi Brne\u0144skie Czechy\",\"potentialAction\":[{\"@type\":\"SearchAction\",\"target\":{\"@type\":\"EntryPoint\",\"urlTemplate\":\"https:\\\/\\\/v1-targi.brno.pl\\\/?s={search_term_string}\"},\"query-input\":{\"@type\":\"PropertyValueSpecification\",\"valueRequired\":true,\"valueName\":\"search_term_string\"}}],\"inLanguage\":\"pl-PL\"}]}<\/script>\n<!-- \/ Yoast SEO Premium plugin. -->","yoast_head_json":{"title":"Klauzula informacyjna &#187; Agencja Promocji Eksportu","robots":{"index":"index","follow":"follow","max-snippet":"max-snippet:-1","max-image-preview":"max-image-preview:large","max-video-preview":"max-video-preview:-1"},"canonical":"https:\/\/v1-targi.brno.pl\/index.php\/klauzula-informacyjna\/","og_locale":"pl_PL","og_type":"article","og_title":"Klauzula informacyjna","og_description":"[vc_row][vc_column width=&#8221;1\/6&#8243;][\/vc_column][vc_column width=&#8221;2\/3&#8243;][vc_column_text] Klauzula informacyjna W zwi\u0105zku z wej\u015bciem w \u017cycie rozporz\u0105dzenia Parlamentu Europejskiego i Rady (UE) 2016\/679 z dnia 27 kwietnia 2016 r. w sprawie ochrony os\u00f3b fizycznych w zwi\u0105zku z przetwarzaniem danych osobowych i w sprawie swobodnego przep\u0142ywu...","og_url":"https:\/\/v1-targi.brno.pl\/index.php\/klauzula-informacyjna\/","og_site_name":"Agencja Promocji Eksportu","article_publisher":"https:\/\/www.facebook.com\/TargiBrno\/","article_modified_time":"2021-04-15T07:06:13+00:00","twitter_card":"summary_large_image","twitter_site":"@TargiBrno","twitter_misc":{"Szacowany czas czytania":"2 minuty"},"schema":{"@context":"https:\/\/schema.org","@graph":[{"@type":"WebPage","@id":"https:\/\/v1-targi.brno.pl\/index.php\/klauzula-informacyjna\/","url":"https:\/\/v1-targi.brno.pl\/index.php\/klauzula-informacyjna\/","name":"Klauzula informacyjna &#187; Agencja Promocji Eksportu","isPartOf":{"@id":"https:\/\/v1-targi.brno.pl\/#website"},"datePublished":"2021-03-30T22:01:35+00:00","dateModified":"2021-04-15T07:06:13+00:00","breadcrumb":{"@id":"https:\/\/v1-targi.brno.pl\/index.php\/klauzula-informacyjna\/#breadcrumb"},"inLanguage":"pl-PL","potentialAction":[{"@type":"ReadAction","target":["https:\/\/v1-targi.brno.pl\/index.php\/klauzula-informacyjna\/"]}]},{"@type":"BreadcrumbList","@id":"https:\/\/v1-targi.brno.pl\/index.php\/klauzula-informacyjna\/#breadcrumb","itemListElement":[{"@type":"ListItem","position":1,"name":"Strona g\u0142\u00f3wna","item":"https:\/\/v1-targi.brno.pl\/"},{"@type":"ListItem","position":2,"name":"Klauzula informacyjna"}]},{"@type":"WebSite","@id":"https:\/\/v1-targi.brno.pl\/#website","url":"https:\/\/v1-targi.brno.pl\/","name":"Agencja Promocji Eksportu","description":"Prosta droga na rynek czeski","alternateName":"Targi Brne\u0144skie Czechy","potentialAction":[{"@type":"SearchAction","target":{"@type":"EntryPoint","urlTemplate":"https:\/\/v1-targi.brno.pl\/?s={search_term_string}"},"query-input":{"@type":"PropertyValueSpecification","valueRequired":true,"valueName":"search_term_string"}}],"inLanguage":"pl-PL"}]}},"_links":{"self":[{"href":"https:\/\/v1-targi.brno.pl\/index.php\/wp-json\/wp\/v2\/pages\/4968","targetHints":{"allow":["GET"]}}],"collection":[{"href":"https:\/\/v1-targi.brno.pl\/index.php\/wp-json\/wp\/v2\/pages"}],"about":[{"href":"https:\/\/v1-targi.brno.pl\/index.php\/wp-json\/wp\/v2\/types\/page"}],"author":[{"embeddable":true,"href":"https:\/\/v1-targi.brno.pl\/index.php\/wp-json\/wp\/v2\/users\/5"}],"replies":[{"embeddable":true,"href":"https:\/\/v1-targi.brno.pl\/index.php\/wp-json\/wp\/v2\/comments?post=4968"}],"version-history":[{"count":4,"href":"https:\/\/v1-targi.brno.pl\/index.php\/wp-json\/wp\/v2\/pages\/4968\/revisions"}],"predecessor-version":[{"id":4971,"href":"https:\/\/v1-targi.brno.pl\/index.php\/wp-json\/wp\/v2\/pages\/4968\/revisions\/4971"}],"wp:attachment":[{"href":"https:\/\/v1-targi.brno.pl\/index.php\/wp-json\/wp\/v2\/media?parent=4968"}],"curies":[{"name":"wp","href":"https:\/\/api.w.org\/{rel}","templated":true}]}}