{"id":2047,"date":"2019-05-18T11:05:02","date_gmt":"2019-05-18T09:05:02","guid":{"rendered":"http:\/\/v1-targi.brno.pl\/?page_id=2047"},"modified":"2021-04-22T07:30:24","modified_gmt":"2021-04-22T05:30:24","slug":"targi-brnenskie","status":"publish","type":"page","link":"https:\/\/v1-targi.brno.pl\/index.php\/targi-brnenskie\/","title":{"rendered":"Targi Brne\u0144skie"},"content":{"rendered":"<p>[vc_row][vc_column][vc_column_text]<\/p>\r\n<h2 class=\"wp-block-heading\">BVV lub Veletrhy Brno (Targi Brne\u0144skie)<\/h2>\r\n\r\n<p>Od roku 2001 sp\u00f3\u0142ka oficjalnie nosi nazw\u0119 Veletrhy Brno, a.s. (Targi Brno S.A.). Skr\u00f3t BVV wywodz\u0105cy si\u0119 z pierwotnej nazwy firmy Brn\u011bnsk\u00e9 veletrhy a v\u00fdstavy bardzo mocno zapisa\u0142 si\u0119 w \u015bwiadomo\u015bci. Dlatego nadal stosowany jest jako skr\u00f3cona nazwa sp\u00f3\u0142ki. Jedynym, 100% udzia\u0142owcem sp\u00f3\u0142ki Veletrhy Brno jest od 27.12.2016 <a href=\"https:\/\/www.brno.cz\/uvodni-strana\/\" target=\"_blank\" rel=\"noopener noreferrer\">miasto Brno<\/a>.<\/p>\r\n\r\n\r\n\r\n\r\n\r\n<h2 class=\"wp-block-heading\">Profil sp\u00f3\u0142ki<\/h2>\r\n\r\n<p>Przedmiotem dzia\u0142alno\u015bci sp\u00f3\u0142ki Veletrhy Brno jest \u015bwiadczenie us\u0142ug biznesowych w zakresie organizacji targ\u00f3w i wystaw we w\u0142asnym centrum wystawienniczym, w tym \u015bwiadczenie us\u0142ug technicznych zwi\u0105zanych z t\u0105 dzia\u0142alno\u015bci\u0105.<\/p>\r\n\r\n<p>Veletrhy Brno a.s. s\u0105 jednym z najwa\u017cniejszych organizator\u00f3w i operator\u00f3w targowych w Europie \u015arodkowej. \u015awiadcz\u0105 pe\u0142en zakres us\u0142ug technicznych dla klient\u00f3w krajowych i zagranicznych za granic\u0105. W rezultacie s\u0105 tak\u017ce wa\u017cnym eksporterem us\u0142ug. Centrum Wystawiennicze w Brnie mo\u017ce si\u0119 pochwali\u0107 unikaln\u0105 w Republice Czeskiej i Republice S\u0142owackiej infrastruktur\u0105 przystosowan\u0105 do organizacji imprez masowych, takich jak targi, kongresy, imprezy firmowe, kulturalne i sportowe.<\/p>\r\n\r\n<p>Swoj\u0105 dzia\u0142alno\u015bci\u0105 Veletrhy Brno a.s. niezwykle mocno wp\u0142ywaj\u0105 na rozw\u00f3j gospodarczy miasta Brna i regionu po\u0142udniowomorawskiego ze szczeg\u00f3lnym uwzgl\u0119dnieniem turystyki oraz ma\u0142ych i \u015brednich przedsi\u0119biorstw.<\/p>\r\n\r\n<p>W ramach spo\u0142ecznej odpowiedzialno\u015bci biznesu firma jest w znacznym stopniu zaanga\u017cowana we wspieranie edukacji, przedsi\u0119biorczo\u015bci, niekomercyjnych dziedzin kultury i sportu oraz ochrony dziedzictwa.<\/p>\r\n\r\n\r\n\r\n\r\n\r\n\r\n\r\n<h2 class=\"wp-block-heading\"><a href=\"https:\/\/v1-targi.brno.pl\/wp-content\/uploads\/2021\/04\/buildings_pavilion_a_023-scaled.jpg\"><img decoding=\"async\" class=\"alignnone wp-image-9350\" src=\"https:\/\/v1-targi.brno.pl\/wp-content\/uploads\/2021\/04\/buildings_pavilion_a_023-809x1024.jpg\" alt=\"Targi Brne\u0144skie Czechy\" width=\"600\" height=\"760\" srcset=\"https:\/\/v1-targi.brno.pl\/wp-content\/uploads\/2021\/04\/buildings_pavilion_a_023-809x1024.jpg 809w, https:\/\/v1-targi.brno.pl\/wp-content\/uploads\/2021\/04\/buildings_pavilion_a_023-scaled-600x760.jpg 600w, https:\/\/v1-targi.brno.pl\/wp-content\/uploads\/2021\/04\/buildings_pavilion_a_023-237x300.jpg 237w, https:\/\/v1-targi.brno.pl\/wp-content\/uploads\/2021\/04\/buildings_pavilion_a_023-768x972.jpg 768w, https:\/\/v1-targi.brno.pl\/wp-content\/uploads\/2021\/04\/buildings_pavilion_a_023-1213x1536.jpg 1213w, https:\/\/v1-targi.brno.pl\/wp-content\/uploads\/2021\/04\/buildings_pavilion_a_023-1618x2048.jpg 1618w, https:\/\/v1-targi.brno.pl\/wp-content\/uploads\/2021\/04\/buildings_pavilion_a_023-scaled.jpg 2022w\" sizes=\"(max-width: 600px) 100vw, 600px\" \/><\/a><\/h2>\r\n<h2>Tradycje od roku 1928<\/h2>\r\n\r\n<p>Veletrhy Brno kontynuuj\u0105 tradycj\u0119 wystaw w Brnie, kt\u00f3ra zosta\u0142a zapocz\u0105tkowana w 1928 r. Wystaw\u0105 Kultury Wsp\u00f3\u0142czesnej w Czechos\u0142owacji. W latach 50. ubieg\u0142ego wieku w centrum wystawienniczym w Brnie uda\u0142o si\u0119 zorganizowa\u0107 wystaw\u0119 czechos\u0142owackiego przemys\u0142u maszynowego. Da\u0142a ona pocz\u0105tek mi\u0119dzynarodowym targom maszynowym. Od tego czasu dzia\u0142alno\u015b\u0107 targowa zacz\u0119\u0142a si\u0119 dynamicznie rozwija\u0107, a Brno zyska\u0142o miano miasta targowego. S\u0142owo Brno sta\u0142o si\u0119 w j\u0119zyku czeskim synonimem targ\u00f3w i wystaw.<\/p>\r\n\r\n\r\n\r\n<figure class=\"wp-block-image\"><a href=\"https:\/\/v1-targi.brno.pl\/wp-content\/uploads\/2019\/04\/86f83cfd-27d2-45d4-b435-dfb104afe390.jpg\"><img decoding=\"async\" class=\"alignnone wp-image-1995\" src=\"http:\/\/v1-targi.brno.pl\/wp-content\/uploads\/2019\/04\/86f83cfd-27d2-45d4-b435-dfb104afe390.jpg\" alt=\"Targi Brne\u0144skie Czechy\" width=\"600\" height=\"600\" srcset=\"https:\/\/v1-targi.brno.pl\/wp-content\/uploads\/2019\/04\/86f83cfd-27d2-45d4-b435-dfb104afe390.jpg 900w, https:\/\/v1-targi.brno.pl\/wp-content\/uploads\/2019\/04\/86f83cfd-27d2-45d4-b435-dfb104afe390-300x300.jpg 300w, https:\/\/v1-targi.brno.pl\/wp-content\/uploads\/2019\/04\/86f83cfd-27d2-45d4-b435-dfb104afe390-100x100.jpg 100w, https:\/\/v1-targi.brno.pl\/wp-content\/uploads\/2019\/04\/86f83cfd-27d2-45d4-b435-dfb104afe390-600x600.jpg 600w, https:\/\/v1-targi.brno.pl\/wp-content\/uploads\/2019\/04\/86f83cfd-27d2-45d4-b435-dfb104afe390-150x150.jpg 150w, https:\/\/v1-targi.brno.pl\/wp-content\/uploads\/2019\/04\/86f83cfd-27d2-45d4-b435-dfb104afe390-768x768.jpg 768w, https:\/\/v1-targi.brno.pl\/wp-content\/uploads\/2019\/04\/86f83cfd-27d2-45d4-b435-dfb104afe390-350x350.jpg 350w, https:\/\/v1-targi.brno.pl\/wp-content\/uploads\/2019\/04\/86f83cfd-27d2-45d4-b435-dfb104afe390-85x85.jpg 85w\" sizes=\"(max-width: 600px) 100vw, 600px\" \/><\/a><\/figure>\r\n\r\n\r\n\r\n\r\n\r\n<h2 class=\"wp-block-heading\">Brne\u0144skie Centrum Wystawiennicze<\/h2>\r\n\r\n<p>Brne\u0144skie tereny targowe z powierzchni\u0105 wystawiennicz\u0105 130 000 metr\u00f3w kwadratowych netto nale\u017c\u0105 do grupy najwi\u0119kszych na \u015bwiecie (23. miejsce). Centrum wystawiennicze wybudowane z okazji 10-lecia powstania Czechos\u0142owacji z rozmys\u0142em ulokowano w Brnie, w po\u0142owie drogi pomi\u0119dzy Prag\u0105 a Bratys\u0142aw\u0105. Wiele z obiekt\u00f3w targowych nale\u017cy do klejnot\u00f3w architektury funkcjonalistycznej. Dzi\u0119ki sukcesywnemu rozwojowi i modernizacji zapocz\u0105tkowanej w 2000 roku Brno mo\u017ce si\u0119 poszczyci\u0107 nowoczesnym centrum wystawienniczym. Jest ono odpowiednio przystosowane do organizacji targ\u00f3w, kongres\u00f3w, imprez sportowych, koncert\u00f3w lub najwa\u017cniejszych spotka\u0144 politycznych. Najnowocze\u015bniejszym obiektem w kompleksie targowym jest licz\u0105cy ponad 10.000 m kw. Pawilon P oddany do u\u017cytku w czerwcu 2009 r.<\/p>\r\n\r\n\r\n\r\n\r\n\r\n<h2 class=\"wp-block-heading\">Targi i inne wydarzenia<\/h2>\r\n\r\n<p>W ci\u0105gu roku w brne\u0144skm Centrum Wystawienniczym odbywa si\u0119 oko\u0142o <a href=\"https:\/\/v1-targi.brno.pl\/index.php\/kalendarz-imprez\/\" target=\"_blank\" rel=\"noopener noreferrer\">50 wydarze\u0144<\/a>, kt\u00f3re odwiedza ponad milion go\u015bci. Jedn\u0105 z najwa\u017cniejszych imprez targowych s\u0105 Mi\u0119dzynarodowe Targi Maszynowe MSV zaliczane do przewodnich europejskich targ\u00f3w przemys\u0142owych. Centrum Wystawiennicze jest r\u00f3wnie\u017c miejscem wa\u017cnych kongres\u00f3w z towarzysz\u0105cymi im wystawami, zjazd\u00f3w, bali, imprez sportowych, spotka\u0144 polityk\u00f3w i koncert\u00f3w. W 2007 roku wyst\u0105pi\u0142 tutaj zesp\u00f3\u0142 The Rolling Stones. Sp\u00f3\u0142ka Veletrhy Brno oferuje r\u00f3wnie\u017c kompleksowe us\u0142ugi targowe, w tym zabudow\u0119 targow\u0105. Veletrhy Brno s\u0105 czeskim przedstawicielstwem niemieckiego potentata targowego Messe D\u00fcsseldorf. Firma zajmuje si\u0119 r\u00f3wnie\u017c organizacj\u0105 indywidualnych, kolektywnych i oficjalnych wyst\u0105pie\u0144 czeskich firm w targach zagranicznych \u2014 przede wszystkim w D\u00fcsseldorfie i Moskwie.<\/p>\r\n\r\n\r\n\r\n<figure class=\"wp-block-image\"><a href=\"https:\/\/v1-targi.brno.pl\/wp-content\/uploads\/2019\/05\/BVV-17_05_2019-05.jpg\"><img decoding=\"async\" class=\"alignnone wp-image-3828\" src=\"http:\/\/v1-targi.brno.pl\/wp-content\/uploads\/2019\/05\/BVV-17_05_2019-05-1024x683.jpg\" alt=\"Targi Brne\u0144skie Czechy\" width=\"600\" height=\"400\" srcset=\"https:\/\/v1-targi.brno.pl\/wp-content\/uploads\/2019\/05\/BVV-17_05_2019-05-1024x683.jpg 1024w, https:\/\/v1-targi.brno.pl\/wp-content\/uploads\/2019\/05\/BVV-17_05_2019-05-600x400.jpg 600w, https:\/\/v1-targi.brno.pl\/wp-content\/uploads\/2019\/05\/BVV-17_05_2019-05-300x200.jpg 300w, https:\/\/v1-targi.brno.pl\/wp-content\/uploads\/2019\/05\/BVV-17_05_2019-05-768x512.jpg 768w, https:\/\/v1-targi.brno.pl\/wp-content\/uploads\/2019\/05\/BVV-17_05_2019-05.jpg 1920w\" sizes=\"(max-width: 600px) 100vw, 600px\" \/><\/a><\/figure>\r\n\r\n\r\n\r\n\r\n\r\n<h2 class=\"wp-block-heading\"><strong>Filozofia sp\u00f3\u0142ki Veletrhy Brno<\/strong><\/h2>\r\n\r\n\r\n\r\n<h2 class=\"wp-block-heading\">Misja<\/h2>\r\n\r\n\r\n\r\n<ul class=\"wp-block-list\">\r\n<li>Tworzy\u0107 mo\u017cliwo\u015bci biznesowe dla klient\u00f3w poprzez organizacj\u0119 targ\u00f3w i kongres\u00f3w.<\/li>\r\n<li>Zapewni\u0107 najwy\u017cszej jako\u015bci us\u0142ugi por\u00f3wnywalne z najlepszymi zagranicznymi konkurentami.<\/li>\r\n<li>Wspiera\u0107 rozw\u00f3j przedsi\u0119biorczo\u015bci w Brnie i regionie. Swoj\u0105 dzia\u0142alno\u015bci\u0105 przyczynia\u0107 si\u0119 do wzrostu PKB i zatrudnienia w Brnie.<\/li>\r\n<li>Bra\u0107 udzia\u0142 we wspieraniu edukacji, obszar\u00f3w non-profit, kultury i sportu w mie\u015bcie.<\/li>\r\n<li>Tworzy\u0107 globalny wizerunek Brna jako wa\u017cnego w\u0119z\u0142a biznesowego, wspiera\u0107 ruch turystyczny oraz turystyk\u0119 targow\u0105 i kongresow\u0105.<\/li>\r\n<\/ul>\r\n\r\n\r\n\r\n<h2 class=\"wp-block-heading\">Wizja<\/h2>\r\n\r\n\r\n\r\n<ul class=\"wp-block-list\">\r\n<li>Umocnimy pozycj\u0119 Veletrhy Brno, a.s. jako przoduj\u0105cego organizatora i operatora targowego w Europie \u015arodkowej i jego rol\u0119 jako g\u0142\u00f3wnego podmiotu wspieraj\u0105cego rozw\u00f3j gospodarczy miasta targowego Brna i regionu po\u0142udniowomorawskiego.<\/li>\r\n<li>B\u0119dziemy nadal zarz\u0105dza\u0107 i rozs\u0105dnie rozwija\u0107 to wyj\u0105tkowe europejskie centrum targ\u00f3w i kongres\u00f3w, kt\u00f3re posiada konkurencyjn\u0105 infrastruktur\u0119 dla organizacji imprez targowych, kongresowych i kulturalnych.<\/li>\r\n<li>Budujemy relacje z mieszka\u0144cami Brna i ich solidarno\u015b\u0107 z mark\u0105 Veletrhy Brno jako fenomenem najnowszej historii Brna.<\/li>\r\n<\/ul>\r\n\r\n\r\n\r\n<h2 class=\"wp-block-heading\">Strategia<\/h2>\r\n\r\n\r\n\r\n<ul class=\"wp-block-list\">\r\n<li>Utrzymujemy relacje z naszymi klientami i rozwijamy nasze us\u0142ugi w odniesieniu do nowych technologii.<\/li>\r\n<li>Organizujemy i rozwijamy mi\u0119dzynarodowe imprezy targowe na podstawie potrzeb czeskiej gospodarki.<\/li>\r\n<li>Wspieramy dzia\u0142ania innowacyjne, kszta\u0142cenie techniczne i pozyskiwanie inwestycji w regionie.<\/li>\r\n<li>Poszukujemy nowych g\u0142\u00f3wnych zagadnie\u0144 we wszystkich obszarach dzia\u0142alno\u015bci cz\u0142owieka i identyfikujemy potencjalne tematy targowe.<\/li>\r\n<li>Poszukujemy odpowiednich sposob\u00f3w na wykorzystanie brne\u0144skich teren\u00f3w targowych pomi\u0119dzy projektami wystawienniczymi z naciskiem na warto\u015b\u0107 dodan\u0105 dla mieszka\u0144c\u00f3w Brna i jego okolic.<\/li>\r\n<\/ul>\r\n\r\n\r\n\r\n<figure class=\"wp-block-image\"><a href=\"https:\/\/v1-targi.brno.pl\/wp-content\/uploads\/2019\/05\/2016-09-01_bvv-team.jpg\"><img decoding=\"async\" class=\"alignnone wp-image-3945\" src=\"http:\/\/v1-targi.brno.pl\/wp-content\/uploads\/2019\/05\/2016-09-01_bvv-team-1024x917.jpg\" alt=\"\" width=\"600\" height=\"538\" srcset=\"https:\/\/v1-targi.brno.pl\/wp-content\/uploads\/2019\/05\/2016-09-01_bvv-team-1024x917.jpg 1024w, https:\/\/v1-targi.brno.pl\/wp-content\/uploads\/2019\/05\/2016-09-01_bvv-team-600x538.jpg 600w, https:\/\/v1-targi.brno.pl\/wp-content\/uploads\/2019\/05\/2016-09-01_bvv-team-300x269.jpg 300w, https:\/\/v1-targi.brno.pl\/wp-content\/uploads\/2019\/05\/2016-09-01_bvv-team-768x688.jpg 768w, https:\/\/v1-targi.brno.pl\/wp-content\/uploads\/2019\/05\/2016-09-01_bvv-team.jpg 1490w\" sizes=\"(max-width: 600px) 100vw, 600px\" \/><\/a><\/figure>\r\n\r\n<p>&nbsp;<\/p>\r\n<p>[\/vc_column_text][\/vc_column][\/vc_row]<\/p>","protected":false},"excerpt":{"rendered":"<p>[vc_row][vc_column][vc_column_text] BVV lub Veletrhy Brno (Targi Brne\u0144skie) Od roku 2001 sp\u00f3\u0142ka oficjalnie nosi nazw\u0119 Veletrhy Brno, a.s. (Targi Brno S.A.). Skr\u00f3t BVV wywodz\u0105cy si\u0119 z pierwotnej nazwy firmy Brn\u011bnsk\u00e9 veletrhy a v\u00fdstavy bardzo mocno zapisa\u0142 si\u0119 w \u015bwiadomo\u015bci. Dlatego nadal&#8230;<\/p>\n","protected":false},"author":5,"featured_media":8200,"parent":0,"menu_order":0,"comment_status":"closed","ping_status":"closed","template":"","meta":{"footnotes":""},"class_list":["post-2047","page","type-page","status-publish","has-post-thumbnail","hentry"],"yoast_head":"<!-- This site is optimized with the Yoast SEO Premium plugin v26.4 (Yoast SEO v27.4) - https:\/\/yoast.com\/product\/yoast-seo-premium-wordpress\/ -->\n<title>Targi Brne\u0144skie (Czechy) - najwi\u0119kszy czeski o\u015brodek wystawienniczy &#187;<\/title>\n<meta name=\"description\" content=\"Targi Brne\u0144skie (Czechy) s\u0105 jednym z najwa\u017cniejszych organizator\u00f3w i operator\u00f3w targowych w Europie \u015arodkowej. Brno le\u017cy na przeci\u0119ciu szlak\u00f3w tranzytowych.\" \/>\n<meta name=\"robots\" content=\"index, follow, max-snippet:-1, max-image-preview:large, max-video-preview:-1\" \/>\n<link rel=\"canonical\" href=\"https:\/\/v1-targi.brno.pl\/index.php\/targi-brnenskie\/\" \/>\n<meta property=\"og:locale\" content=\"pl_PL\" \/>\n<meta property=\"og:type\" content=\"article\" \/>\n<meta property=\"og:title\" content=\"Targi Brne\u0144skie\" \/>\n<meta property=\"og:description\" content=\"Targi Brne\u0144skie (Czechy) s\u0105 jednym z najwa\u017cniejszych organizator\u00f3w i operator\u00f3w targowych w Europie \u015arodkowej. Brno le\u017cy na przeci\u0119ciu szlak\u00f3w tranzytowych.\" \/>\n<meta property=\"og:url\" content=\"https:\/\/v1-targi.brno.pl\/index.php\/targi-brnenskie\/\" \/>\n<meta property=\"og:site_name\" content=\"Agencja Promocji Eksportu\" \/>\n<meta property=\"article:publisher\" content=\"https:\/\/www.facebook.com\/TargiBrno\/\" \/>\n<meta property=\"article:modified_time\" content=\"2021-04-22T05:30:24+00:00\" \/>\n<meta property=\"og:image\" content=\"https:\/\/v1-targi.brno.pl\/wp-content\/uploads\/2020\/05\/tA-vlajky-IMG_9890n3.jpg\" \/>\n\t<meta property=\"og:image:width\" content=\"1024\" \/>\n\t<meta property=\"og:image:height\" content=\"683\" \/>\n\t<meta property=\"og:image:type\" content=\"image\/jpeg\" \/>\n<meta name=\"twitter:card\" content=\"summary_large_image\" \/>\n<meta name=\"twitter:site\" content=\"@TargiBrno\" \/>\n<meta name=\"twitter:label1\" content=\"Szacowany czas czytania\" \/>\n\t<meta name=\"twitter:data1\" content=\"4 minuty\" \/>\n<script type=\"application\/ld+json\" class=\"yoast-schema-graph\">{\"@context\":\"https:\\\/\\\/schema.org\",\"@graph\":[{\"@type\":\"WebPage\",\"@id\":\"https:\\\/\\\/v1-targi.brno.pl\\\/index.php\\\/targi-brnenskie\\\/\",\"url\":\"https:\\\/\\\/v1-targi.brno.pl\\\/index.php\\\/targi-brnenskie\\\/\",\"name\":\"Targi Brne\u0144skie (Czechy) - najwi\u0119kszy czeski o\u015brodek wystawienniczy &#187;\",\"isPartOf\":{\"@id\":\"https:\\\/\\\/v1-targi.brno.pl\\\/#website\"},\"primaryImageOfPage\":{\"@id\":\"https:\\\/\\\/v1-targi.brno.pl\\\/index.php\\\/targi-brnenskie\\\/#primaryimage\"},\"image\":{\"@id\":\"https:\\\/\\\/v1-targi.brno.pl\\\/index.php\\\/targi-brnenskie\\\/#primaryimage\"},\"thumbnailUrl\":\"https:\\\/\\\/v1-targi.brno.pl\\\/wp-content\\\/uploads\\\/2020\\\/05\\\/tA-vlajky-IMG_9890n3.jpg\",\"datePublished\":\"2019-05-18T09:05:02+00:00\",\"dateModified\":\"2021-04-22T05:30:24+00:00\",\"description\":\"Targi Brne\u0144skie (Czechy) s\u0105 jednym z najwa\u017cniejszych organizator\u00f3w i operator\u00f3w targowych w Europie \u015arodkowej. Brno le\u017cy na przeci\u0119ciu szlak\u00f3w tranzytowych.\",\"breadcrumb\":{\"@id\":\"https:\\\/\\\/v1-targi.brno.pl\\\/index.php\\\/targi-brnenskie\\\/#breadcrumb\"},\"inLanguage\":\"pl-PL\",\"potentialAction\":[{\"@type\":\"ReadAction\",\"target\":[\"https:\\\/\\\/v1-targi.brno.pl\\\/index.php\\\/targi-brnenskie\\\/\"]}]},{\"@type\":\"ImageObject\",\"inLanguage\":\"pl-PL\",\"@id\":\"https:\\\/\\\/v1-targi.brno.pl\\\/index.php\\\/targi-brnenskie\\\/#primaryimage\",\"url\":\"https:\\\/\\\/v1-targi.brno.pl\\\/wp-content\\\/uploads\\\/2020\\\/05\\\/tA-vlajky-IMG_9890n3.jpg\",\"contentUrl\":\"https:\\\/\\\/v1-targi.brno.pl\\\/wp-content\\\/uploads\\\/2020\\\/05\\\/tA-vlajky-IMG_9890n3.jpg\",\"width\":1024,\"height\":683,\"caption\":\"Targi Brne\u0144skie Czechy Rotunda\"},{\"@type\":\"BreadcrumbList\",\"@id\":\"https:\\\/\\\/v1-targi.brno.pl\\\/index.php\\\/targi-brnenskie\\\/#breadcrumb\",\"itemListElement\":[{\"@type\":\"ListItem\",\"position\":1,\"name\":\"Strona g\u0142\u00f3wna\",\"item\":\"https:\\\/\\\/v1-targi.brno.pl\\\/\"},{\"@type\":\"ListItem\",\"position\":2,\"name\":\"Targi Brne\u0144skie\"}]},{\"@type\":\"WebSite\",\"@id\":\"https:\\\/\\\/v1-targi.brno.pl\\\/#website\",\"url\":\"https:\\\/\\\/v1-targi.brno.pl\\\/\",\"name\":\"Agencja Promocji Eksportu\",\"description\":\"Prosta droga na rynek czeski\",\"alternateName\":\"Targi Brne\u0144skie Czechy\",\"potentialAction\":[{\"@type\":\"SearchAction\",\"target\":{\"@type\":\"EntryPoint\",\"urlTemplate\":\"https:\\\/\\\/v1-targi.brno.pl\\\/?s={search_term_string}\"},\"query-input\":{\"@type\":\"PropertyValueSpecification\",\"valueRequired\":true,\"valueName\":\"search_term_string\"}}],\"inLanguage\":\"pl-PL\"}]}<\/script>\n<!-- \/ Yoast SEO Premium plugin. -->","yoast_head_json":{"title":"Targi Brne\u0144skie (Czechy) - najwi\u0119kszy czeski o\u015brodek wystawienniczy &#187;","description":"Targi Brne\u0144skie (Czechy) s\u0105 jednym z najwa\u017cniejszych organizator\u00f3w i operator\u00f3w targowych w Europie \u015arodkowej. Brno le\u017cy na przeci\u0119ciu szlak\u00f3w tranzytowych.","robots":{"index":"index","follow":"follow","max-snippet":"max-snippet:-1","max-image-preview":"max-image-preview:large","max-video-preview":"max-video-preview:-1"},"canonical":"https:\/\/v1-targi.brno.pl\/index.php\/targi-brnenskie\/","og_locale":"pl_PL","og_type":"article","og_title":"Targi Brne\u0144skie","og_description":"Targi Brne\u0144skie (Czechy) s\u0105 jednym z najwa\u017cniejszych organizator\u00f3w i operator\u00f3w targowych w Europie \u015arodkowej. Brno le\u017cy na przeci\u0119ciu szlak\u00f3w tranzytowych.","og_url":"https:\/\/v1-targi.brno.pl\/index.php\/targi-brnenskie\/","og_site_name":"Agencja Promocji Eksportu","article_publisher":"https:\/\/www.facebook.com\/TargiBrno\/","article_modified_time":"2021-04-22T05:30:24+00:00","og_image":[{"width":1024,"height":683,"url":"https:\/\/v1-targi.brno.pl\/wp-content\/uploads\/2020\/05\/tA-vlajky-IMG_9890n3.jpg","type":"image\/jpeg"}],"twitter_card":"summary_large_image","twitter_site":"@TargiBrno","twitter_misc":{"Szacowany czas czytania":"4 minuty"},"schema":{"@context":"https:\/\/schema.org","@graph":[{"@type":"WebPage","@id":"https:\/\/v1-targi.brno.pl\/index.php\/targi-brnenskie\/","url":"https:\/\/v1-targi.brno.pl\/index.php\/targi-brnenskie\/","name":"Targi Brne\u0144skie (Czechy) - najwi\u0119kszy czeski o\u015brodek wystawienniczy &#187;","isPartOf":{"@id":"https:\/\/v1-targi.brno.pl\/#website"},"primaryImageOfPage":{"@id":"https:\/\/v1-targi.brno.pl\/index.php\/targi-brnenskie\/#primaryimage"},"image":{"@id":"https:\/\/v1-targi.brno.pl\/index.php\/targi-brnenskie\/#primaryimage"},"thumbnailUrl":"https:\/\/v1-targi.brno.pl\/wp-content\/uploads\/2020\/05\/tA-vlajky-IMG_9890n3.jpg","datePublished":"2019-05-18T09:05:02+00:00","dateModified":"2021-04-22T05:30:24+00:00","description":"Targi Brne\u0144skie (Czechy) s\u0105 jednym z najwa\u017cniejszych organizator\u00f3w i operator\u00f3w targowych w Europie \u015arodkowej. Brno le\u017cy na przeci\u0119ciu szlak\u00f3w tranzytowych.","breadcrumb":{"@id":"https:\/\/v1-targi.brno.pl\/index.php\/targi-brnenskie\/#breadcrumb"},"inLanguage":"pl-PL","potentialAction":[{"@type":"ReadAction","target":["https:\/\/v1-targi.brno.pl\/index.php\/targi-brnenskie\/"]}]},{"@type":"ImageObject","inLanguage":"pl-PL","@id":"https:\/\/v1-targi.brno.pl\/index.php\/targi-brnenskie\/#primaryimage","url":"https:\/\/v1-targi.brno.pl\/wp-content\/uploads\/2020\/05\/tA-vlajky-IMG_9890n3.jpg","contentUrl":"https:\/\/v1-targi.brno.pl\/wp-content\/uploads\/2020\/05\/tA-vlajky-IMG_9890n3.jpg","width":1024,"height":683,"caption":"Targi Brne\u0144skie Czechy Rotunda"},{"@type":"BreadcrumbList","@id":"https:\/\/v1-targi.brno.pl\/index.php\/targi-brnenskie\/#breadcrumb","itemListElement":[{"@type":"ListItem","position":1,"name":"Strona g\u0142\u00f3wna","item":"https:\/\/v1-targi.brno.pl\/"},{"@type":"ListItem","position":2,"name":"Targi Brne\u0144skie"}]},{"@type":"WebSite","@id":"https:\/\/v1-targi.brno.pl\/#website","url":"https:\/\/v1-targi.brno.pl\/","name":"Agencja Promocji Eksportu","description":"Prosta droga na rynek czeski","alternateName":"Targi Brne\u0144skie Czechy","potentialAction":[{"@type":"SearchAction","target":{"@type":"EntryPoint","urlTemplate":"https:\/\/v1-targi.brno.pl\/?s={search_term_string}"},"query-input":{"@type":"PropertyValueSpecification","valueRequired":true,"valueName":"search_term_string"}}],"inLanguage":"pl-PL"}]}},"_links":{"self":[{"href":"https:\/\/v1-targi.brno.pl\/index.php\/wp-json\/wp\/v2\/pages\/2047","targetHints":{"allow":["GET"]}}],"collection":[{"href":"https:\/\/v1-targi.brno.pl\/index.php\/wp-json\/wp\/v2\/pages"}],"about":[{"href":"https:\/\/v1-targi.brno.pl\/index.php\/wp-json\/wp\/v2\/types\/page"}],"author":[{"embeddable":true,"href":"https:\/\/v1-targi.brno.pl\/index.php\/wp-json\/wp\/v2\/users\/5"}],"replies":[{"embeddable":true,"href":"https:\/\/v1-targi.brno.pl\/index.php\/wp-json\/wp\/v2\/comments?post=2047"}],"version-history":[{"count":36,"href":"https:\/\/v1-targi.brno.pl\/index.php\/wp-json\/wp\/v2\/pages\/2047\/revisions"}],"predecessor-version":[{"id":9353,"href":"https:\/\/v1-targi.brno.pl\/index.php\/wp-json\/wp\/v2\/pages\/2047\/revisions\/9353"}],"wp:featuredmedia":[{"embeddable":true,"href":"https:\/\/v1-targi.brno.pl\/index.php\/wp-json\/wp\/v2\/media\/8200"}],"wp:attachment":[{"href":"https:\/\/v1-targi.brno.pl\/index.php\/wp-json\/wp\/v2\/media?parent=2047"}],"curies":[{"name":"wp","href":"https:\/\/api.w.org\/{rel}","templated":true}]}}